{"id":1256,"date":"2025-07-09T11:15:38","date_gmt":"2025-07-09T11:15:38","guid":{"rendered":"https:\/\/losinj-apartment.com\/?page_id=1256"},"modified":"2026-02-02T15:59:30","modified_gmt":"2026-02-02T15:59:30","slug":"prices","status":"publish","type":"page","link":"https:\/\/losinj-apartment.com\/hr\/prices\/","title":{"rendered":"Cijene"},"content":{"rendered":"<div data-elementor-type=\"wp-page\" data-elementor-id=\"1256\" class=\"elementor elementor-1256\">\n\t\t\t\t\t\t<section data-ka-cursor-size=\"1\" class=\"elementor-section elementor-top-section elementor-element elementor-element-c29a3c5 elementor-section-boxed elementor-section-height-default elementor-section-height-default wpr-particle-no wpr-jarallax-no wpr-parallax-no wpr-sticky-section-no\" data-id=\"c29a3c5\" data-element_type=\"section\" data-settings=\"{&quot;background_background&quot;:&quot;classic&quot;,&quot;kng_cursor_interaction&quot;:&quot;default&quot;,&quot;kng_cursor_magnetic&quot;:&quot;none&quot;,&quot;kng_cursor_size_multiplier&quot;:{&quot;unit&quot;:&quot;px&quot;,&quot;size&quot;:1,&quot;sizes&quot;:[]}}\">\n\t\t\t\t\t\t\t<div class=\"elementor-background-overlay\"><\/div>\n\t\t\t\t\t\t\t<div class=\"elementor-container elementor-column-gap-default\">\n\t\t\t\t\t<div data-ka-cursor-size=\"1\" class=\"elementor-column elementor-col-100 elementor-top-column elementor-element elementor-element-c7f4bb6\" data-id=\"c7f4bb6\" data-element_type=\"column\" data-settings=\"{&quot;kng_cursor_interaction&quot;:&quot;default&quot;,&quot;kng_cursor_magnetic&quot;:&quot;none&quot;,&quot;kng_cursor_size_multiplier&quot;:{&quot;unit&quot;:&quot;px&quot;,&quot;size&quot;:1,&quot;sizes&quot;:[]}}\">\n\t\t\t<div class=\"elementor-widget-wrap elementor-element-populated\">\n\t\t\t\t\t\t<div data-ka-cursor-size=\"1\" class=\"elementor-element elementor-element-b1faa16 elementor-widget elementor-widget-heading\" data-id=\"b1faa16\" data-element_type=\"widget\" data-settings=\"{&quot;kng_cursor_interaction&quot;:&quot;default&quot;,&quot;kng_cursor_magnetic&quot;:&quot;none&quot;,&quot;kng_cursor_size_multiplier&quot;:{&quot;unit&quot;:&quot;px&quot;,&quot;size&quot;:1,&quot;sizes&quot;:[]}}\" data-widget_type=\"heading.default\">\n\t\t\t\t\t<h2 class=\"elementor-heading-title elementor-size-default\">Cijene<\/h2>\t\t\t\t<\/div>\n\t\t\t\t\t<\/div>\n\t\t<\/div>\n\t\t\t\t\t<\/div>\n\t\t<\/section>\n\t\t<div data-ka-cursor-size=\"1\" class=\"elementor-element elementor-element-ca7174f e-flex e-con-boxed wpr-particle-no wpr-jarallax-no wpr-parallax-no wpr-sticky-section-no e-con e-parent\" data-id=\"ca7174f\" data-element_type=\"container\" data-settings=\"{&quot;kng_cursor_interaction&quot;:&quot;default&quot;,&quot;kng_cursor_magnetic&quot;:&quot;none&quot;,&quot;kng_cursor_size_multiplier&quot;:{&quot;unit&quot;:&quot;px&quot;,&quot;size&quot;:1,&quot;sizes&quot;:[]}}\">\n\t\t\t\t\t<div class=\"e-con-inner\">\n\t\t\t\t\t<\/div>\n\t\t\t\t<\/div>\n\t\t<div data-ka-cursor-size=\"1\" class=\"elementor-element elementor-element-284ed0d e-flex e-con-boxed wpr-particle-no wpr-jarallax-no wpr-parallax-no wpr-sticky-section-no e-con e-parent\" data-id=\"284ed0d\" data-element_type=\"container\" data-settings=\"{&quot;kng_cursor_interaction&quot;:&quot;default&quot;,&quot;kng_cursor_magnetic&quot;:&quot;none&quot;,&quot;kng_cursor_size_multiplier&quot;:{&quot;unit&quot;:&quot;px&quot;,&quot;size&quot;:1,&quot;sizes&quot;:[]}}\">\n\t\t\t\t\t<div class=\"e-con-inner\">\n\t\t\t\t<div data-ka-cursor-size=\"1\" class=\"elementor-element elementor-element-4eb43bd elementor-widget elementor-widget-heading\" data-id=\"4eb43bd\" data-element_type=\"widget\" data-settings=\"{&quot;kng_cursor_interaction&quot;:&quot;default&quot;,&quot;kng_cursor_magnetic&quot;:&quot;none&quot;,&quot;kng_cursor_size_multiplier&quot;:{&quot;unit&quot;:&quot;px&quot;,&quot;size&quot;:1,&quot;sizes&quot;:[]}}\" data-widget_type=\"heading.default\">\n\t\t\t\t\t<h1 class=\"elementor-heading-title elementor-size-default\">Cijene<\/h1>\t\t\t\t<\/div>\n\t\t\t\t<div data-ka-cursor-size=\"1\" class=\"elementor-element elementor-element-60017ba elementor-widget-divider--view-line elementor-widget elementor-widget-divider\" data-id=\"60017ba\" data-element_type=\"widget\" data-settings=\"{&quot;kng_cursor_interaction&quot;:&quot;default&quot;,&quot;kng_cursor_magnetic&quot;:&quot;none&quot;,&quot;kng_cursor_size_multiplier&quot;:{&quot;unit&quot;:&quot;px&quot;,&quot;size&quot;:1,&quot;sizes&quot;:[]}}\" data-widget_type=\"divider.default\">\n\t\t\t\t\t\t\t<div class=\"elementor-divider\">\n\t\t\t<span class=\"elementor-divider-separator\">\n\t\t\t\t\t\t<\/span>\n\t\t<\/div>\n\t\t\t\t\t\t<\/div>\n\t\t\t\t<div data-ka-cursor-size=\"1\" class=\"elementor-element elementor-element-097178d elementor-widget elementor-widget-text-editor\" data-id=\"097178d\" data-element_type=\"widget\" data-settings=\"{&quot;kng_cursor_interaction&quot;:&quot;default&quot;,&quot;kng_cursor_magnetic&quot;:&quot;none&quot;,&quot;kng_cursor_size_multiplier&quot;:{&quot;unit&quot;:&quot;px&quot;,&quot;size&quot;:1,&quot;sizes&quot;:[]}}\" data-widget_type=\"text-editor.default\">\n\t\t\t\t\t\t\t\t\t<p>Apartment<strong> Rental Price List 2025<\/strong><\/p><p><strong>Sezonske cijene<\/strong><\/p><ul><li><strong>Srednja sezona<\/strong> \u2013 190 \u20ac \/ dan<br \/><strong><img decoding=\"async\" class=\"emoji\" role=\"img\" draggable=\"false\" src=\"https:\/\/s.w.org\/images\/core\/emoji\/16.0.1\/svg\/1f4c5.svg\" alt=\"\ud83d\udcc5\" \/><\/strong>\u00a01. lipnja \u2013 15. lipnja<br \/><strong><img decoding=\"async\" class=\"emoji\" role=\"img\" draggable=\"false\" src=\"https:\/\/s.w.org\/images\/core\/emoji\/16.0.1\/svg\/1f4c5.svg\" alt=\"\ud83d\udcc5\" \/><\/strong> 16. rujna \u2013 30. rujna<\/li><li><strong>Srednja sezona<\/strong> \u2013 160 \u20ac \/ dan<br \/><strong><img decoding=\"async\" class=\"emoji\" role=\"img\" draggable=\"false\" src=\"https:\/\/s.w.org\/images\/core\/emoji\/16.0.1\/svg\/1f4c5.svg\" alt=\"\ud83d\udcc5\" \/><\/strong> 1. svibnja \u2013 31. svibnja<\/li><li><strong>Srednja sezona<\/strong> \u2013 130 \u20ac \/ dan<br \/><strong><img decoding=\"async\" class=\"emoji\" role=\"img\" draggable=\"false\" src=\"https:\/\/s.w.org\/images\/core\/emoji\/16.0.1\/svg\/1f4c5.svg\" alt=\"\ud83d\udcc5\" \/><\/strong> 1. travnja \u2013 30. travnja\u00a0<\/li><\/ul><p><strong>\u00a0 \u00a0 \u00a0 \u00a0 \u00a0<img decoding=\"async\" class=\"emoji\" role=\"img\" draggable=\"false\" src=\"https:\/\/s.w.org\/images\/core\/emoji\/16.0.1\/svg\/1f4c5.svg\" alt=\"\ud83d\udcc5\" \/><\/strong> 1. listopada \u2013 30. listopada\u00a0<\/p><p>\u00a0<\/p><ul><li><strong>Visoka sezona<\/strong> \u2013 210 \u20ac \/ dan<\/li><\/ul><p>\u00a0 \u00a0 \u00a0 \u00a0 <strong><img decoding=\"async\" class=\"emoji\" role=\"img\" draggable=\"false\" src=\"https:\/\/s.w.org\/images\/core\/emoji\/16.0.1\/svg\/1f4c5.svg\" alt=\"\ud83d\udcc5\" \/><\/strong>16th\u00a0June\u2013 30th June<br \/><strong>\u00a0 \u00a0 \u00a0 \u00a0 <img decoding=\"async\" class=\"emoji\" role=\"img\" draggable=\"false\" src=\"https:\/\/s.w.org\/images\/core\/emoji\/16.0.1\/svg\/1f4c5.svg\" alt=\"\ud83d\udcc5\" \/><\/strong> 1. rujna \u2013 15. rujna<\/p><ul><li><strong>Visoka sezona<\/strong> \u2013 230 \u20ac \/ dan<br \/><strong><img decoding=\"async\" class=\"emoji\" role=\"img\" draggable=\"false\" src=\"https:\/\/s.w.org\/images\/core\/emoji\/16.0.1\/svg\/1f4c5.svg\" alt=\"\ud83d\udcc5\" \/><\/strong> 1. srpnja \u2013 30. kolovoza<\/li><\/ul><div>\u00a0<\/div><div>\u00a0<\/div><div><ul><li><strong>Predsezona<\/strong> \u2013 110 \u20ac \/ dan<br \/><strong><img decoding=\"async\" class=\"emoji\" role=\"img\" draggable=\"false\" src=\"https:\/\/s.w.org\/images\/core\/emoji\/16.0.1\/svg\/1f4c5.svg\" alt=\"\ud83d\udcc5\" \/><\/strong> 1. studenoga \u2013 30. o\u017eujka<\/li><\/ul><div>\u00a0<\/div><div>\u00a0<\/div><\/div><p><strong><img decoding=\"async\" class=\"emoji\" role=\"img\" draggable=\"false\" src=\"https:\/\/s.w.org\/images\/core\/emoji\/16.0.1\/svg\/1f4cc.svg\" alt=\"\ud83d\udccc\" \/> Dodatne informacije<\/strong><\/p><ul><li><strong>Minimalni boravak<\/strong> 3, 5 ili 7 no\u0107enja<\/li><li><strong>Naknada za \u010di\u0161\u0107enje:<\/strong> 130 \u20ac po boravku<\/li><li><strong>Boravi\u0161na pristojba:<\/strong> nije uklju\u010dena u cijenu<\/li><li><strong>Cijena najma uklju\u010duje:<\/strong><p>Smje\u0161taj, Wi-Fi, klimatizaciju \/ grijanje, potpuno opremljenu kuhinju, re\u017eije, ru\u010dnike, toaletne potrep\u0161tine, besplatan ulaz na bazene, besplatno parkiranje, terasu s pogledom na more<\/p><\/li><\/ul><div>\u00a0<\/div><div>\u00a0<\/div><p><strong><img decoding=\"async\" class=\"emoji\" role=\"img\" draggable=\"false\" src=\"https:\/\/s.w.org\/images\/core\/emoji\/16.0.1\/svg\/1f552.svg\" alt=\"\ud83d\udd52\" \/> Prijava \/ Odjava<\/strong><\/p><ul><li><strong>Prijava (Check-in):<\/strong> nakon <strong>17:00 sati<\/strong><\/li><li><strong>Odjava (Check-out):<\/strong> do <strong>11:00 sati<\/strong><\/li><\/ul>\t\t\t\t\t\t\t\t<\/div>\n\t\t\t\t\t<\/div>\n\t\t\t\t<\/div>\n\t\t\t\t<\/div>","protected":false},"excerpt":{"rendered":"<p>Prices Prices Apartment Rental Price List 2025 Seasonal Rates Mid-Season \u2013 190 \u20ac \/ day\u00a01st June\u2013 15th June 16th September \u2013 30th Septembre Mid-Season \u2013 160 \u20ac \/ day 1th May \u2013 31th May Mid-Season \u2013 130 \u20ac \/ day 1st April \u2013 30th April\u00a0 \u00a0 \u00a0 \u00a0 \u00a0 \u00a0 1st October \u2013 30th October\u00a0 \u00a0 High Season \u2013 210 \u20ac \/ day \u00a0 \u00a0 \u00a0 \u00a0 16th\u00a0June\u2013 30th June\u00a0 \u00a0 \u00a0 \u00a0 1st September \u2013 15th Septembre High Season \u2013 230 \u20ac \/ day 1st July \u2013 30th August \u00a0\u00a0 Pre Season \u2013 110 \u20ac \/ day 1st Novembre\u2013 30th March \u00a0\u00a0 Additional Information Minimum stay: 3,5 or 7 nights Cleaning fee: 130 \u20ac per stay Tourist tax: Not included in the price Rental price includes: Accommodation, wi-fi, air conditioning \/ heating, fully equipped kitchen, utilities, towels, amenities, free entrance to swimming pools, free parking, sea view terrace \u00a0\u00a0 Check-In \/ Check-Out Check-in: after 5:00 PM Check-out: by 11:00 AM<\/p>","protected":false},"author":2,"featured_media":0,"parent":0,"menu_order":0,"comment_status":"closed","ping_status":"closed","template":"elementor_canvas","meta":{"_vp_format_video_url":"","_vp_image_focal_point":[],"footnotes":""},"class_list":["post-1256","page","type-page","status-publish","hentry"],"yoast_head":"<!-- This site is optimized with the Yoast SEO plugin v26.7 - https:\/\/yoast.com\/wordpress\/plugins\/seo\/ -->\n<title>Prices - Sea View Lo\u0161inj Apartment Adria Vista<\/title>\n<meta name=\"robots\" content=\"index, follow, max-snippet:-1, max-image-preview:large, max-video-preview:-1\" \/>\n<link rel=\"canonical\" href=\"https:\/\/losinj-apartment.com\/hr\/prices\/\" \/>\n<meta property=\"og:locale\" content=\"hr_HR\" \/>\n<meta property=\"og:type\" content=\"article\" \/>\n<meta property=\"og:title\" content=\"Prices - Sea View Lo\u0161inj Apartment Adria Vista\" \/>\n<meta property=\"og:description\" content=\"Prices Prices Apartment Rental Price List 2025 Seasonal Rates Mid-Season \u2013 190 \u20ac \/ day\u00a01st June\u2013 15th June 16th September \u2013 30th Septembre Mid-Season \u2013 160 \u20ac \/ day 1th May \u2013 31th May Mid-Season \u2013 130 \u20ac \/ day 1st April \u2013 30th April\u00a0 \u00a0 \u00a0 \u00a0 \u00a0 \u00a0 1st October \u2013 30th October\u00a0 \u00a0 High Season \u2013 210 \u20ac \/ day \u00a0 \u00a0 \u00a0 \u00a0 16th\u00a0June\u2013 30th June\u00a0 \u00a0 \u00a0 \u00a0 1st September \u2013 15th Septembre High Season \u2013 230 \u20ac \/ day 1st July \u2013 30th August \u00a0\u00a0 Pre Season \u2013 110 \u20ac \/ day 1st Novembre\u2013 30th March \u00a0\u00a0 Additional Information Minimum stay: 3,5 or 7 nights Cleaning fee: 130 \u20ac per stay Tourist tax: Not included in the price Rental price includes: Accommodation, wi-fi, air conditioning \/ heating, fully equipped kitchen, utilities, towels, amenities, free entrance to swimming pools, free parking, sea view terrace \u00a0\u00a0 Check-In \/ Check-Out Check-in: after 5:00 PM Check-out: by 11:00 AM\" \/>\n<meta property=\"og:url\" content=\"https:\/\/losinj-apartment.com\/hr\/prices\/\" \/>\n<meta property=\"og:site_name\" content=\"Sea View Lo\u0161inj Apartment Adria Vista\" \/>\n<meta property=\"article:modified_time\" content=\"2026-02-02T15:59:30+00:00\" \/>\n<meta property=\"og:image\" content=\"https:\/\/s.w.org\/images\/core\/emoji\/16.0.1\/svg\/1f4c5.svg\" \/>\n<meta name=\"twitter:card\" content=\"summary_large_image\" \/>\n<meta name=\"twitter:label1\" content=\"Procijenjeno vrijeme \u010ditanja\" \/>\n\t<meta name=\"twitter:data1\" content=\"3 minute\" \/>\n<script type=\"application\/ld+json\" class=\"yoast-schema-graph\">{\"@context\":\"https:\/\/schema.org\",\"@graph\":[{\"@type\":\"WebPage\",\"@id\":\"https:\/\/losinj-apartment.com\/prices\/\",\"url\":\"https:\/\/losinj-apartment.com\/prices\/\",\"name\":\"Prices - Sea View Lo\u0161inj Apartment Adria Vista\",\"isPartOf\":{\"@id\":\"https:\/\/losinj-apartment.com\/#website\"},\"primaryImageOfPage\":{\"@id\":\"https:\/\/losinj-apartment.com\/prices\/#primaryimage\"},\"image\":{\"@id\":\"https:\/\/losinj-apartment.com\/prices\/#primaryimage\"},\"thumbnailUrl\":\"https:\/\/s.w.org\/images\/core\/emoji\/16.0.1\/svg\/1f4c5.svg\",\"datePublished\":\"2025-07-09T11:15:38+00:00\",\"dateModified\":\"2026-02-02T15:59:30+00:00\",\"breadcrumb\":{\"@id\":\"https:\/\/losinj-apartment.com\/prices\/#breadcrumb\"},\"inLanguage\":\"hr\",\"potentialAction\":[{\"@type\":\"ReadAction\",\"target\":[\"https:\/\/losinj-apartment.com\/prices\/\"]}]},{\"@type\":\"ImageObject\",\"inLanguage\":\"hr\",\"@id\":\"https:\/\/losinj-apartment.com\/prices\/#primaryimage\",\"url\":\"https:\/\/s.w.org\/images\/core\/emoji\/16.0.1\/svg\/1f4c5.svg\",\"contentUrl\":\"https:\/\/s.w.org\/images\/core\/emoji\/16.0.1\/svg\/1f4c5.svg\"},{\"@type\":\"BreadcrumbList\",\"@id\":\"https:\/\/losinj-apartment.com\/prices\/#breadcrumb\",\"itemListElement\":[{\"@type\":\"ListItem\",\"position\":1,\"name\":\"Home\",\"item\":\"https:\/\/losinj-apartment.com\/\"},{\"@type\":\"ListItem\",\"position\":2,\"name\":\"Prices\"}]},{\"@type\":\"WebSite\",\"@id\":\"https:\/\/losinj-apartment.com\/#website\",\"url\":\"https:\/\/losinj-apartment.com\/\",\"name\":\"Lo\u0161inj Apartment\",\"description\":\"\",\"publisher\":{\"@id\":\"https:\/\/losinj-apartment.com\/#organization\"},\"potentialAction\":[{\"@type\":\"SearchAction\",\"target\":{\"@type\":\"EntryPoint\",\"urlTemplate\":\"https:\/\/losinj-apartment.com\/?s={search_term_string}\"},\"query-input\":{\"@type\":\"PropertyValueSpecification\",\"valueRequired\":true,\"valueName\":\"search_term_string\"}}],\"inLanguage\":\"hr\"},{\"@type\":\"Organization\",\"@id\":\"https:\/\/losinj-apartment.com\/#organization\",\"name\":\"Lo\u0161inj Apartment\",\"url\":\"https:\/\/losinj-apartment.com\/\",\"logo\":{\"@type\":\"ImageObject\",\"inLanguage\":\"hr\",\"@id\":\"https:\/\/losinj-apartment.com\/#\/schema\/logo\/image\/\",\"url\":\"https:\/\/losinj-apartment.com\/wp-content\/uploads\/2025\/07\/cropped-site-logo-crni-scaled-1.webp\",\"contentUrl\":\"https:\/\/losinj-apartment.com\/wp-content\/uploads\/2025\/07\/cropped-site-logo-crni-scaled-1.webp\",\"width\":512,\"height\":512,\"caption\":\"Lo\u0161inj Apartment\"},\"image\":{\"@id\":\"https:\/\/losinj-apartment.com\/#\/schema\/logo\/image\/\"}}]}<\/script>\n<!-- \/ Yoast SEO plugin. -->","yoast_head_json":{"title":"Prices - Sea View Lo\u0161inj Apartment Adria Vista","robots":{"index":"index","follow":"follow","max-snippet":"max-snippet:-1","max-image-preview":"max-image-preview:large","max-video-preview":"max-video-preview:-1"},"canonical":"https:\/\/losinj-apartment.com\/hr\/prices\/","og_locale":"hr_HR","og_type":"article","og_title":"Prices - Sea View Lo\u0161inj Apartment Adria Vista","og_description":"Prices Prices Apartment Rental Price List 2025 Seasonal Rates Mid-Season \u2013 190 \u20ac \/ day\u00a01st June\u2013 15th June 16th September \u2013 30th Septembre Mid-Season \u2013 160 \u20ac \/ day 1th May \u2013 31th May Mid-Season \u2013 130 \u20ac \/ day 1st April \u2013 30th April\u00a0 \u00a0 \u00a0 \u00a0 \u00a0 \u00a0 1st October \u2013 30th October\u00a0 \u00a0 High Season \u2013 210 \u20ac \/ day \u00a0 \u00a0 \u00a0 \u00a0 16th\u00a0June\u2013 30th June\u00a0 \u00a0 \u00a0 \u00a0 1st September \u2013 15th Septembre High Season \u2013 230 \u20ac \/ day 1st July \u2013 30th August \u00a0\u00a0 Pre Season \u2013 110 \u20ac \/ day 1st Novembre\u2013 30th March \u00a0\u00a0 Additional Information Minimum stay: 3,5 or 7 nights Cleaning fee: 130 \u20ac per stay Tourist tax: Not included in the price Rental price includes: Accommodation, wi-fi, air conditioning \/ heating, fully equipped kitchen, utilities, towels, amenities, free entrance to swimming pools, free parking, sea view terrace \u00a0\u00a0 Check-In \/ Check-Out Check-in: after 5:00 PM Check-out: by 11:00 AM","og_url":"https:\/\/losinj-apartment.com\/hr\/prices\/","og_site_name":"Sea View Lo\u0161inj Apartment Adria Vista","article_modified_time":"2026-02-02T15:59:30+00:00","og_image":[{"url":"https:\/\/s.w.org\/images\/core\/emoji\/16.0.1\/svg\/1f4c5.svg","type":"","width":"","height":""}],"twitter_card":"summary_large_image","twitter_misc":{"Procijenjeno vrijeme \u010ditanja":"3 minute"},"schema":{"@context":"https:\/\/schema.org","@graph":[{"@type":"WebPage","@id":"https:\/\/losinj-apartment.com\/prices\/","url":"https:\/\/losinj-apartment.com\/prices\/","name":"Prices - Sea View Lo\u0161inj Apartment Adria Vista","isPartOf":{"@id":"https:\/\/losinj-apartment.com\/#website"},"primaryImageOfPage":{"@id":"https:\/\/losinj-apartment.com\/prices\/#primaryimage"},"image":{"@id":"https:\/\/losinj-apartment.com\/prices\/#primaryimage"},"thumbnailUrl":"https:\/\/s.w.org\/images\/core\/emoji\/16.0.1\/svg\/1f4c5.svg","datePublished":"2025-07-09T11:15:38+00:00","dateModified":"2026-02-02T15:59:30+00:00","breadcrumb":{"@id":"https:\/\/losinj-apartment.com\/prices\/#breadcrumb"},"inLanguage":"hr","potentialAction":[{"@type":"ReadAction","target":["https:\/\/losinj-apartment.com\/prices\/"]}]},{"@type":"ImageObject","inLanguage":"hr","@id":"https:\/\/losinj-apartment.com\/prices\/#primaryimage","url":"https:\/\/s.w.org\/images\/core\/emoji\/16.0.1\/svg\/1f4c5.svg","contentUrl":"https:\/\/s.w.org\/images\/core\/emoji\/16.0.1\/svg\/1f4c5.svg"},{"@type":"BreadcrumbList","@id":"https:\/\/losinj-apartment.com\/prices\/#breadcrumb","itemListElement":[{"@type":"ListItem","position":1,"name":"Home","item":"https:\/\/losinj-apartment.com\/"},{"@type":"ListItem","position":2,"name":"Prices"}]},{"@type":"WebSite","@id":"https:\/\/losinj-apartment.com\/#website","url":"https:\/\/losinj-apartment.com\/","name":"Lo\u0161inj Apartment","description":"","publisher":{"@id":"https:\/\/losinj-apartment.com\/#organization"},"potentialAction":[{"@type":"SearchAction","target":{"@type":"EntryPoint","urlTemplate":"https:\/\/losinj-apartment.com\/?s={search_term_string}"},"query-input":{"@type":"PropertyValueSpecification","valueRequired":true,"valueName":"search_term_string"}}],"inLanguage":"hr"},{"@type":"Organization","@id":"https:\/\/losinj-apartment.com\/#organization","name":"Lo\u0161inj Apartment","url":"https:\/\/losinj-apartment.com\/","logo":{"@type":"ImageObject","inLanguage":"hr","@id":"https:\/\/losinj-apartment.com\/#\/schema\/logo\/image\/","url":"https:\/\/losinj-apartment.com\/wp-content\/uploads\/2025\/07\/cropped-site-logo-crni-scaled-1.webp","contentUrl":"https:\/\/losinj-apartment.com\/wp-content\/uploads\/2025\/07\/cropped-site-logo-crni-scaled-1.webp","width":512,"height":512,"caption":"Lo\u0161inj Apartment"},"image":{"@id":"https:\/\/losinj-apartment.com\/#\/schema\/logo\/image\/"}}]}},"_links":{"self":[{"href":"https:\/\/losinj-apartment.com\/hr\/wp-json\/wp\/v2\/pages\/1256","targetHints":{"allow":["GET"]}}],"collection":[{"href":"https:\/\/losinj-apartment.com\/hr\/wp-json\/wp\/v2\/pages"}],"about":[{"href":"https:\/\/losinj-apartment.com\/hr\/wp-json\/wp\/v2\/types\/page"}],"author":[{"embeddable":true,"href":"https:\/\/losinj-apartment.com\/hr\/wp-json\/wp\/v2\/users\/2"}],"replies":[{"embeddable":true,"href":"https:\/\/losinj-apartment.com\/hr\/wp-json\/wp\/v2\/comments?post=1256"}],"version-history":[{"count":136,"href":"https:\/\/losinj-apartment.com\/hr\/wp-json\/wp\/v2\/pages\/1256\/revisions"}],"predecessor-version":[{"id":1585,"href":"https:\/\/losinj-apartment.com\/hr\/wp-json\/wp\/v2\/pages\/1256\/revisions\/1585"}],"wp:attachment":[{"href":"https:\/\/losinj-apartment.com\/hr\/wp-json\/wp\/v2\/media?parent=1256"}],"curies":[{"name":"wp","href":"https:\/\/api.w.org\/{rel}","templated":true}]}}